{"id":290,"date":"2013-08-25T19:21:16","date_gmt":"2013-08-25T19:21:16","guid":{"rendered":"http:\/\/milcke.org\/?page_id=290"},"modified":"2017-08-11T15:02:13","modified_gmt":"2017-08-11T13:02:13","slug":"impressum","status":"publish","type":"page","link":"https:\/\/landmesser.me\/?page_id=290","title":{"rendered":"Impressum"},"content":{"rendered":"<p>Bj\u00f6rn&nbsp;Landmesser<br \/>\nDe K\u00f6ken Gaarn 4b<br \/>\nD-25524 Itzehoe<\/p>\n<p>info@landmesser.me<\/p>\n<p>F\u00fcr den Inhalt der Webseite verantwortlich gem\u00e4\u00df \u00a7 6 MDStV: Bj\u00f6rn Landmesser. Alle Rechte vorbehalten. Die Texte und Fotos dieser Webseite unterliegen dem Urheberrecht. Es ist nicht gestattet, diese zu ver\u00e4ndern oder gewerblich zu nutzen. \u00c4nderungen und K\u00fcrzungen bed\u00fcrfen der Absprache.<\/p>\n<p>Haftungshinweis:<br \/>\nTrotz sorgf\u00e4ltiger inhaltlicher Kontrolle \u00fcberehme ich, Bj\u00f6rn Landmesser, keine Haftung f\u00fcr die Inhalte externer Links. F\u00fcr den Inhalt der verlinkten Seiten sind ausschlie\u00dflich deren Betreiber verantwortlich.<\/p>\n","protected":false},"excerpt":{"rendered":"<p>Bj\u00f6rn&nbsp;Landmesser De K\u00f6ken Gaarn 4b D-25524 Itzehoe info@landmesser.me F\u00fcr den Inhalt der Webseite verantwortlich gem\u00e4\u00df \u00a7 6 MDStV: Bj\u00f6rn Landmesser. Alle Rechte vorbehalten. Die Texte und Fotos dieser Webseite unterliegen dem Urheberrecht. Es ist nicht gestattet, diese zu ver\u00e4ndern oder &hellip; <a href=\"https:\/\/landmesser.me\/?page_id=290\">Weiterlesen <span class=\"meta-nav\">&rarr;<\/span><\/a><\/p>\n","protected":false},"author":1,"featured_media":0,"parent":299,"menu_order":0,"comment_status":"closed","ping_status":"closed","template":"full-width-page.php","meta":{"ngg_post_thumbnail":0,"footnotes":""},"class_list":["post-290","page","type-page","status-publish","hentry"],"_links":{"self":[{"href":"https:\/\/landmesser.me\/index.php?rest_route=\/wp\/v2\/pages\/290","targetHints":{"allow":["GET"]}}],"collection":[{"href":"https:\/\/landmesser.me\/index.php?rest_route=\/wp\/v2\/pages"}],"about":[{"href":"https:\/\/landmesser.me\/index.php?rest_route=\/wp\/v2\/types\/page"}],"author":[{"embeddable":true,"href":"https:\/\/landmesser.me\/index.php?rest_route=\/wp\/v2\/users\/1"}],"replies":[{"embeddable":true,"href":"https:\/\/landmesser.me\/index.php?rest_route=%2Fwp%2Fv2%2Fcomments&post=290"}],"version-history":[{"count":2,"href":"https:\/\/landmesser.me\/index.php?rest_route=\/wp\/v2\/pages\/290\/revisions"}],"predecessor-version":[{"id":670,"href":"https:\/\/landmesser.me\/index.php?rest_route=\/wp\/v2\/pages\/290\/revisions\/670"}],"up":[{"embeddable":true,"href":"https:\/\/landmesser.me\/index.php?rest_route=\/wp\/v2\/pages\/299"}],"wp:attachment":[{"href":"https:\/\/landmesser.me\/index.php?rest_route=%2Fwp%2Fv2%2Fmedia&parent=290"}],"curies":[{"name":"wp","href":"https:\/\/api.w.org\/{rel}","templated":true}]}}