{"id":155,"date":"2012-01-09T12:49:28","date_gmt":"2012-01-09T12:49:28","guid":{"rendered":"http:\/\/milcke.org\/?page_id=155"},"modified":"2012-01-09T12:49:28","modified_gmt":"2012-01-09T12:49:28","slug":"ios-entwicklung","status":"publish","type":"page","link":"https:\/\/landmesser.me\/?page_id=155","title":{"rendered":"iOS Entwicklung"},"content":{"rendered":"<h1>LiveTabelle<\/h1>\n<p><a href=\"http:\/\/www.rachui-design.com\/apps\/LiveTabelle\/index.html\" target=\"_blank\"><img loading=\"lazy\" decoding=\"async\" class=\"alignleft size-full wp-image-163\" style=\"border-style: initial; border-color: initial; border-width: 0px;\" title=\"stacks_image_96_1\" src=\"http:\/\/landmesser.me\/wp-content\/uploads\/2012\/01\/stacks_image_96_1.png\" alt=\"iPhone App LiveTabelle\" width=\"111\" height=\"111\" \/><\/a><a href=\"http:\/\/itunes.apple.com\/de\/app\/livetabelle\/id471294860?ls=1&amp;mt=8\" target=\"_blank\"><img loading=\"lazy\" decoding=\"async\" class=\"alignright size-full wp-image-156\" title=\"LiveTabelle\" src=\"http:\/\/landmesser.me\/wp-content\/uploads\/2012\/01\/App_Store_Badge_DE_0609.png\" alt=\"Erh\u00e4ltlich im App Store\" width=\"173\" height=\"60\" \/><\/a>An der Entwicklung der Version 1.0 der iPhone-App <a title=\"LiveTabelle\" href=\"http:\/\/www.rachui-design.de\/apps\/LiveTabelle\/index.html\" target=\"_blank\">LiveTabelle<\/a> war ich mit beteiligt. \u00a0Das ist mein erstes iOS Projekt, das im AppStore verf\u00fcgbar ist.<\/p>\n<p>\u00dcber LiveTabelle:<\/p>\n<p>Mit diesem n\u00fctzlichen Turnier-Assistenten beh\u00e4ltst Du bei Deinem n\u00e4chsten Fu\u00dfball-Turnier den \u00dcberblick und hast immer den aktuellsten Tabellenstand vor Augen. Spielzeiten und Orte, Ergebnisse und Tabellenst\u00e4nde verwaltest Du mit LiveTabelle einfach und komfortabel.<\/p>\n<p>Kompatibel mit iPhone 3G, 3GS, 4 und 4S sowie iPod Touch (2. Generation oder neuer). Erfordert iOS 4.0 oder neuer.<\/p>\n<p>Kategorie: Sport<br \/>\nSprache: Deutsch<br \/>\nEntwickler: Tino Rachui, Uwe Rachui &amp; Bj\u00f6rn Milcke<\/p>\n<p>\u00a9 2012 RACHUI-DESIGN.COM<\/p>\n","protected":false},"excerpt":{"rendered":"<p>LiveTabelle An der Entwicklung der Version 1.0 der iPhone-App LiveTabelle war ich mit beteiligt. \u00a0Das ist mein erstes iOS Projekt, das im AppStore verf\u00fcgbar ist. \u00dcber LiveTabelle: Mit diesem n\u00fctzlichen Turnier-Assistenten beh\u00e4ltst Du bei Deinem n\u00e4chsten Fu\u00dfball-Turnier den \u00dcberblick und &hellip; <a href=\"https:\/\/landmesser.me\/?page_id=155\">Weiterlesen <span class=\"meta-nav\">&rarr;<\/span><\/a><\/p>\n","protected":false},"author":1,"featured_media":193,"parent":149,"menu_order":20,"comment_status":"closed","ping_status":"open","template":"","meta":{"ngg_post_thumbnail":0,"footnotes":""},"class_list":["post-155","page","type-page","status-publish","has-post-thumbnail","hentry"],"_links":{"self":[{"href":"https:\/\/landmesser.me\/index.php?rest_route=\/wp\/v2\/pages\/155","targetHints":{"allow":["GET"]}}],"collection":[{"href":"https:\/\/landmesser.me\/index.php?rest_route=\/wp\/v2\/pages"}],"about":[{"href":"https:\/\/landmesser.me\/index.php?rest_route=\/wp\/v2\/types\/page"}],"author":[{"embeddable":true,"href":"https:\/\/landmesser.me\/index.php?rest_route=\/wp\/v2\/users\/1"}],"replies":[{"embeddable":true,"href":"https:\/\/landmesser.me\/index.php?rest_route=%2Fwp%2Fv2%2Fcomments&post=155"}],"version-history":[{"count":0,"href":"https:\/\/landmesser.me\/index.php?rest_route=\/wp\/v2\/pages\/155\/revisions"}],"up":[{"embeddable":true,"href":"https:\/\/landmesser.me\/index.php?rest_route=\/wp\/v2\/pages\/149"}],"wp:featuredmedia":[{"embeddable":true,"href":"https:\/\/landmesser.me\/index.php?rest_route=\/wp\/v2\/media\/193"}],"wp:attachment":[{"href":"https:\/\/landmesser.me\/index.php?rest_route=%2Fwp%2Fv2%2Fmedia&parent=155"}],"curies":[{"name":"wp","href":"https:\/\/api.w.org\/{rel}","templated":true}]}}